{"id":111,"date":"2024-08-28T19:29:51","date_gmt":"2024-08-28T19:29:51","guid":{"rendered":"https:\/\/alkjog.hu\/?page_id=111"},"modified":"2024-08-28T19:29:51","modified_gmt":"2024-08-28T19:29:51","slug":"osszes-cikk","status":"publish","type":"page","link":"https:\/\/alkjog.hu\/en\/osszes-cikk\/","title":{"rendered":"\u00d6sszes cikk"},"content":{"rendered":"<ul class=\"wp-block-latest-posts__list is-grid columns-3 has-author wp-block-latest-posts\"><li><a class=\"wp-block-latest-posts__post-title\" href=\"https:\/\/alkjog.hu\/en\/2026\/02\/13\/miert-nem-alkotmanyos-kormanydontessel-lezarni-birosagi-eljarasokat\/\">Mi\u00e9rt nem alkotm\u00e1nyos korm\u00e1nyd\u00f6nt\u00e9ssel lez\u00e1rni b\u00edr\u00f3s\u00e1gi elj\u00e1r\u00e1sokat?<\/a><div class=\"wp-block-latest-posts__post-author\">by Pozs\u00e1r-Szentmikl\u00f3sy Zolt\u00e1n &#8211; L\u00e1possy Attila<\/div><\/li>\n<li><a class=\"wp-block-latest-posts__post-title\" href=\"https:\/\/alkjog.hu\/en\/2026\/01\/15\/dezinformacio-es-demokracia-beszamolo-a-tanszeki-muhelyvitarol\/\">Dezinform\u00e1ci\u00f3 \u00e9s demokr\u00e1cia \u2013 besz\u00e1mol\u00f3 a tansz\u00e9ki m\u0171helyvit\u00e1r\u00f3l<\/a><div class=\"wp-block-latest-posts__post-author\">by Alkotm\u00e1nyjogi Tansz\u00e9k<\/div><\/li>\n<li><a class=\"wp-block-latest-posts__post-title\" href=\"https:\/\/alkjog.hu\/en\/2025\/12\/04\/eltorolhetetlen-parbeszed-az-autonom-ombudsmani-jogvedelem-terei-es-ertelme\/\">Elt\u00f6r\u00f6lhetetlen p\u00e1rbesz\u00e9d &#8211; az auton\u00f3m ombudsmani jogv\u00e9delem terei \u00e9s \u00e9rtelme<\/a><div class=\"wp-block-latest-posts__post-author\">by L\u00e1possy Attila<\/div><\/li>\n<li><a class=\"wp-block-latest-posts__post-title\" href=\"https:\/\/alkjog.hu\/en\/2025\/07\/09\/az-alkotmany-szovegen-tul-az-allamfoi-hatalomgyakorlas-a-valosagban\/\">Az alkotm\u00e1ny sz\u00f6veg\u00e9n t\u00fal \u2013 az \u00e1llamf\u0151i hatalomgyakorl\u00e1s a val\u00f3s\u00e1gban<\/a><div class=\"wp-block-latest-posts__post-author\">by Barta Lejla<\/div><\/li>\n<li><a class=\"wp-block-latest-posts__post-title\" href=\"https:\/\/alkjog.hu\/en\/2025\/06\/26\/gyulekezesi-jogi-unikornis-szeljegyzetek-egy-gyuleskent-megtiltani-kivant-onkormanyzati-rendezvenyhez\/\">Gy\u00fclekez\u00e9si jogi unikornis? &#8211; Sz\u00e9ljegyzetek egy gy\u0171l\u00e9sk\u00e9nt megtiltani k\u00edv\u00e1nt \u00f6nkorm\u00e1nyzati rendezv\u00e9nyhez<\/a><div class=\"wp-block-latest-posts__post-author\">by L\u00e1possy Attila<\/div><\/li>\n<li><a class=\"wp-block-latest-posts__post-title\" href=\"https:\/\/alkjog.hu\/en\/2025\/05\/14\/hello-world\/\">Im\u00e1k, tort\u00e1k, vil\u00e1gn\u00e9zetek<\/a><div class=\"wp-block-latest-posts__post-author\">by Benk\u0151 Orsolya<\/div><\/li>\n<li><a class=\"wp-block-latest-posts__post-title\" href=\"https:\/\/alkjog.hu\/en\/2025\/04\/10\/a-hibas-torvenyalkotasi-eljaras-orvoslasanak-jogi-eszkozei-beszamolo-a-jogtudomanyi-intezetben-tartott-workshoprol\/\">A hib\u00e1s t\u00f6rv\u00e9nyalkot\u00e1si elj\u00e1r\u00e1s orvosl\u00e1s\u00e1nak jogi eszk\u00f6zei \u2013 besz\u00e1mol\u00f3 a Jogtudom\u00e1nyi Int\u00e9zetben tartott workshopr\u00f3l<\/a><div class=\"wp-block-latest-posts__post-author\">by Margitics Zal\u00e1n<\/div><\/li>\n<li><a class=\"wp-block-latest-posts__post-title\" href=\"https:\/\/alkjog.hu\/en\/2025\/04\/02\/moralis-elvarasok-jogi-kotelezettsegek-alapjogi-igenyek-az-alkotmanybirosag-a-nagykoru-gyermek-tartasanak-es-a-szulovel-valo-kapcsolattartasanak-osszefuggeseirol\/\">Mor\u00e1lis elv\u00e1r\u00e1sok, jogi k\u00f6telezetts\u00e9gek, alapjogi ig\u00e9nyek \u2013Az Alkotm\u00e1nyb\u00edr\u00f3s\u00e1g a nagykor\u00fa gyermek tart\u00e1s\u00e1nak \u00e9s a sz\u00fcl\u0151vel val\u00f3 kapcsolattart\u00e1s\u00e1nak \u00f6sszef\u00fcgg\u00e9seir\u0151l<\/a><div class=\"wp-block-latest-posts__post-author\">by L\u00e1possy Attila<\/div><\/li>\n<li><a class=\"wp-block-latest-posts__post-title\" href=\"https:\/\/alkjog.hu\/en\/2025\/03\/14\/az-ukran-allamfo-legitimitasanak-kerdesei-hadiallapot-alatt\/\">Az ukr\u00e1n \u00e1llamf\u0151 legitimit\u00e1s\u00e1nak k\u00e9rd\u00e9sei hadi\u00e1llapot alatt<\/a><div class=\"wp-block-latest-posts__post-author\">by Barta Lejla<\/div><\/li>\n<li><a class=\"wp-block-latest-posts__post-title\" href=\"https:\/\/alkjog.hu\/en\/2025\/03\/05\/gerrymandering-es-onkormanyzati-valasztasok\/\">Gerrymandering \u00e9s \u00f6nkorm\u00e1nyzati v\u00e1laszt\u00e1sok<\/a><div class=\"wp-block-latest-posts__post-author\">by M\u00e9cs J\u00e1nos<\/div><\/li>\n<li><a class=\"wp-block-latest-posts__post-title\" href=\"https:\/\/alkjog.hu\/en\/2025\/02\/21\/miert-jarjunk-nemzetkozi-konferenciakra\/\">Mi\u00e9rt j\u00e1r(j)unk nemzetk\u00f6zi konferenci\u00e1kra?<\/a><div class=\"wp-block-latest-posts__post-author\">by G\u00e1rdos-Orosz Fruzsina<\/div><\/li>\n<li><a class=\"wp-block-latest-posts__post-title\" href=\"https:\/\/alkjog.hu\/en\/2025\/02\/07\/things-we-dont-talk-enough-about-in-law-school\/\">Things We Don\u2019t Talk (Enough) About in Law School<\/a><div class=\"wp-block-latest-posts__post-author\">by Bodn\u00e1r Eszter<\/div><\/li>\n<li><a class=\"wp-block-latest-posts__post-title\" href=\"https:\/\/alkjog.hu\/en\/2025\/02\/07\/dolgok-amikrol-nem-beszelunk-eleget-a-jogi-egyetemen\/\">Dolgok, amikr\u0151l nem besz\u00e9l\u00fcnk (eleget) a jogi egyetemen<\/a><div class=\"wp-block-latest-posts__post-author\">by Bodn\u00e1r Eszter<\/div><\/li>\n<li><a class=\"wp-block-latest-posts__post-title\" href=\"https:\/\/alkjog.hu\/en\/2025\/01\/31\/seven-takeaways-from-professor-bogdandys-masterclass-on-eu-law-european-society-republicanism-new-constitutionalism\/\">Seven takeaways from Professor Bogdandy\u2019s masterclass on EU law: European society, Republicanism, New Constitutionalism<\/a><div class=\"wp-block-latest-posts__post-author\">by Alkotm\u00e1nyjogi Tansz\u00e9k<\/div><\/li>\n<li><a class=\"wp-block-latest-posts__post-title\" href=\"https:\/\/alkjog.hu\/en\/2025\/01\/16\/egy-alkotmany-nelkuli-alkotmanymodositas-alkotmanyellenessegenek-tortenete-izrael-es-a-basic-structure-doctrine-esete\/\">Egy \u201ealkotm\u00e1ny n\u00e9lk\u00fcli\u201d alkotm\u00e1nym\u00f3dos\u00edt\u00e1s alkotm\u00e1nyelleness\u00e9g\u00e9nek t\u00f6rt\u00e9nete: Izrael \u00e9s a basic structure doctrine esete<\/a><div class=\"wp-block-latest-posts__post-author\">by Kaisinger Andr\u00e1s<\/div><\/li>\n<li><a class=\"wp-block-latest-posts__post-title\" href=\"https:\/\/alkjog.hu\/en\/2025\/01\/16\/a-telefonokat-elveszik-ugye-az-infokommunikacios-eszkozok-iskolai-hasznalatanak-korlatozhatosagarol-gyermekjogi-megkozelitesben\/\">A telefonokat elveszik, ugye? &#8211; Az infokommunik\u00e1ci\u00f3s eszk\u00f6z\u00f6k iskolai haszn\u00e1lat\u00e1nak korl\u00e1tozhat\u00f3s\u00e1g\u00e1r\u00f3l gyermekjogi megk\u00f6zel\u00edt\u00e9sben<\/a><div class=\"wp-block-latest-posts__post-author\">by L\u00e1possy Attila<\/div><\/li>\n<li><a class=\"wp-block-latest-posts__post-title\" href=\"https:\/\/alkjog.hu\/en\/2025\/01\/16\/hatalommegosztas-a-kozeleti-vitakban\/\">Hatalommegoszt\u00e1s a k\u00f6z\u00e9leti vit\u00e1kban<\/a><div class=\"wp-block-latest-posts__post-author\">by Pozs\u00e1r-Szentmikl\u00f3sy Zolt\u00e1n<\/div><\/li>\n<li><a class=\"wp-block-latest-posts__post-title\" href=\"https:\/\/alkjog.hu\/en\/2024\/08\/28\/a-szabadsag-szobor-keresztje\/\">A Szabads\u00e1g-szobor keresztje<\/a><div class=\"wp-block-latest-posts__post-author\">by Benk\u0151 Orsolya<\/div><\/li>\n<\/ul>","protected":false},"excerpt":{"rendered":"","protected":false},"author":1,"featured_media":0,"parent":0,"menu_order":0,"comment_status":"closed","ping_status":"closed","template":"","meta":{"footnotes":""},"class_list":["post-111","page","type-page","status-publish","hentry"],"_links":{"self":[{"href":"https:\/\/alkjog.hu\/en\/wp-json\/wp\/v2\/pages\/111","targetHints":{"allow":["GET"]}}],"collection":[{"href":"https:\/\/alkjog.hu\/en\/wp-json\/wp\/v2\/pages"}],"about":[{"href":"https:\/\/alkjog.hu\/en\/wp-json\/wp\/v2\/types\/page"}],"author":[{"embeddable":true,"href":"https:\/\/alkjog.hu\/en\/wp-json\/wp\/v2\/users\/1"}],"replies":[{"embeddable":true,"href":"https:\/\/alkjog.hu\/en\/wp-json\/wp\/v2\/comments?post=111"}],"version-history":[{"count":1,"href":"https:\/\/alkjog.hu\/en\/wp-json\/wp\/v2\/pages\/111\/revisions"}],"predecessor-version":[{"id":115,"href":"https:\/\/alkjog.hu\/en\/wp-json\/wp\/v2\/pages\/111\/revisions\/115"}],"wp:attachment":[{"href":"https:\/\/alkjog.hu\/en\/wp-json\/wp\/v2\/media?parent=111"}],"curies":[{"name":"wp","href":"https:\/\/api.w.org\/{rel}","templated":true}]}}