{"id":2,"date":"2024-07-30T12:55:30","date_gmt":"2024-07-30T12:55:30","guid":{"rendered":"https:\/\/alkjog.hu\/?page_id=2"},"modified":"2025-01-21T12:47:56","modified_gmt":"2025-01-21T12:47:56","slug":"rolunk","status":"publish","type":"page","link":"https:\/\/alkjog.hu\/en\/rolunk\/","title":{"rendered":"About us"},"content":{"rendered":"<p>\u00dcdv\u00f6z\u00f6lj\u00fck az ELTE \u00c1JK Alkotm\u00e1nyjogi Tansz\u00e9ke szakmai m\u0171hely\u00e9nek blogj\u00e1n!<\/p>\n\n\n\n<p>A blog c\u00e9lja, hogy k\u00f6zelebb hozza a tudom\u00e1nyt a t\u00e1rsadalomhoz. Ez\u00e9rt elemz\u00e9seinket, besz\u00e1mol\u00f3inkat \u00e9rthet\u0151 form\u00e1ban, bel\u00e1that\u00f3 terjedelemben tessz\u00fck k\u00f6zz\u00e9, \u00e9s k\u00edv\u00e1ncsian v\u00e1rjuk minden kedves \u00c9rdekl\u0151d\u0151 hozz\u00e1sz\u00f3l\u00e1s\u00e1t!  A k\u00e9rd\u00e9seket, \u00e9szrev\u00e9teleket a bejegyz\u00e9sek alatt, illetve a <strong>szerkesztoseg@alkjog.hu<\/strong> email c\u00edmen v\u00e1rjuk.<\/p>\n\n\n\n<p><strong>Szerkeszt\u00e9si alapelvek:<\/strong> Tekintettel arra, hogy nem tudom\u00e1nyos sz\u00f6vegeket, hanem tudom\u00e1nyos munk\u00e1n alapul\u00f3 blogbejegyz\u00e9seket k\u00f6zl\u00fcnk, a  megjelen\u00e9s nem j\u00e1r hagyom\u00e1nyos min\u0151s\u00e9gi kontrollal. A szerz\u0151k v\u00e1llalj\u00e1k, hogy a bek\u00fcld\u00f6tt cikk nem tartalmaz pl\u00e1giumot. <br>A k\u00f6zl\u00e9s el\u0151tt a cikkeket k\u00e9t szerkeszt\u0151 olvassa el, \u00e9s \u00e9szrev\u00e9telezi. A k\u00f6zl\u00e9s a szerkeszt\u0151k egyet\u00e9rt\u00e9se eset\u00e9n megtagadhat\u00f3.<\/p>\n\n\n\n<p><\/p>\n\n\n\n<blockquote class=\"wp-block-quote is-layout-flow wp-block-quote-is-layout-flow\">\n<p><em>A blog ELTE Alkotm\u00e1nyjogi Tansz\u00e9ke szakmai m\u0171hely\u00e9ben zajl\u00f3 tudom\u00e1nyos munk\u00e1t, kutat\u00e1sokat mutatja be k\u00f6z\u00e9rthet\u0151 form\u00e1ban. A m\u0171hely tagjai gyorselemz\u00e9seket, esem\u00e9nybesz\u00e1mol\u00f3kat, k\u00f6nyvaj\u00e1nl\u00f3kat osztanak meg a blogon, vagy r\u00f6viden bemutatnak egy-egy alkotm\u00e1nyos jelent\u0151s\u00e9g\u0171 d\u00f6nt\u00e9st, vagy \u00f6sszefoglalj\u00e1k legfrissebb kutat\u00e1si eredm\u00e9nyeiket. Ezek sokszor egybeeshetnek a t\u00e1rsadalmat, k\u00f6z\u00e9letet aktu\u00e1lisan foglalkoztat\u00f3, alkotm\u00e1nyjogot \u00e9rint\u0151 probl\u00e9m\u00e1kkal, de a tartalom \u00f6ssze\u00e1ll\u00edt\u00e1s\u00e1nak rendez\u0151elve a tansz\u00e9ki munkak\u00f6z\u00f6ss\u00e9g tudom\u00e1nyos orient\u00e1ci\u00f3ja.<\/em><\/p>\n<\/blockquote>\n\n\n\n<div class=\"wp-block-buttons is-layout-flex wp-block-buttons-is-layout-flex\">\n<div class=\"wp-block-button\"><a class=\"wp-block-button__link wp-element-button\" href=\"https:\/\/alkjog.ajk.elte.hu\/content\/oktatok-es-munkatarsak.t.9761?m=3823\">Our Team<\/a><\/div>\n<\/div>\n\n\n\n<div class=\"wp-block-cover has-custom-content-position is-position-center-right\" style=\"min-height:312px;aspect-ratio:unset;\"><span aria-hidden=\"true\" class=\"wp-block-cover__background has-background-dim\"><\/span><img loading=\"lazy\" decoding=\"async\" width=\"1024\" height=\"548\" class=\"wp-block-cover__image-background wp-image-30\" alt=\"\" src=\"https:\/\/alkjog.hu\/wp-content\/uploads\/2024\/08\/Tanszeki-hirlevel-2022-23.pdf-1024x548.jpg\" data-object-fit=\"cover\" srcset=\"https:\/\/alkjog.hu\/wp-content\/uploads\/2024\/08\/Tanszeki-hirlevel-2022-23.pdf-1024x548.jpg 1024w, https:\/\/alkjog.hu\/wp-content\/uploads\/2024\/08\/Tanszeki-hirlevel-2022-23.pdf-300x161.jpg 300w, https:\/\/alkjog.hu\/wp-content\/uploads\/2024\/08\/Tanszeki-hirlevel-2022-23.pdf-768x411.jpg 768w, https:\/\/alkjog.hu\/wp-content\/uploads\/2024\/08\/Tanszeki-hirlevel-2022-23.pdf-1536x822.jpg 1536w, https:\/\/alkjog.hu\/wp-content\/uploads\/2024\/08\/Tanszeki-hirlevel-2022-23.pdf.jpg 1545w\" sizes=\"auto, (max-width: 1024px) 100vw, 1024px\" \/><div class=\"wp-block-cover__inner-container is-layout-flow wp-block-cover-is-layout-flow\">\n<p class=\"has-text-align-center has-large-font-size\"><\/p>\n<\/div><\/div>","protected":false},"excerpt":{"rendered":"<p>\u00dcdv\u00f6z\u00f6lj\u00fck az ELTE \u00c1JK Alkotm\u00e1nyjogi Tansz\u00e9ke szakmai m\u0171hely\u00e9nek blogj\u00e1n! A blog c\u00e9lja, hogy k\u00f6zelebb hozza a tudom\u00e1nyt a t\u00e1rsadalomhoz. Ez\u00e9rt elemz\u00e9seinket, besz\u00e1mol\u00f3inkat \u00e9rthet\u0151 form\u00e1ban, bel\u00e1that\u00f3 [&hellip;]<\/p>","protected":false},"author":1,"featured_media":0,"parent":0,"menu_order":0,"comment_status":"closed","ping_status":"open","template":"","meta":{"footnotes":""},"class_list":["post-2","page","type-page","status-publish","hentry"],"_links":{"self":[{"href":"https:\/\/alkjog.hu\/en\/wp-json\/wp\/v2\/pages\/2","targetHints":{"allow":["GET"]}}],"collection":[{"href":"https:\/\/alkjog.hu\/en\/wp-json\/wp\/v2\/pages"}],"about":[{"href":"https:\/\/alkjog.hu\/en\/wp-json\/wp\/v2\/types\/page"}],"author":[{"embeddable":true,"href":"https:\/\/alkjog.hu\/en\/wp-json\/wp\/v2\/users\/1"}],"replies":[{"embeddable":true,"href":"https:\/\/alkjog.hu\/en\/wp-json\/wp\/v2\/comments?post=2"}],"version-history":[{"count":8,"href":"https:\/\/alkjog.hu\/en\/wp-json\/wp\/v2\/pages\/2\/revisions"}],"predecessor-version":[{"id":188,"href":"https:\/\/alkjog.hu\/en\/wp-json\/wp\/v2\/pages\/2\/revisions\/188"}],"wp:attachment":[{"href":"https:\/\/alkjog.hu\/en\/wp-json\/wp\/v2\/media?parent=2"}],"curies":[{"name":"wp","href":"https:\/\/api.w.org\/{rel}","templated":true}]}}