{"id":33,"date":"2024-08-02T16:06:32","date_gmt":"2024-08-02T16:06:32","guid":{"rendered":"https:\/\/alkjog.hu\/?page_id=33"},"modified":"2024-08-02T16:06:32","modified_gmt":"2024-08-02T16:06:32","slug":"1x1","status":"publish","type":"page","link":"https:\/\/alkjog.hu\/en\/1x1\/","title":{"rendered":"1X1"},"content":{"rendered":"<ul class=\"wp-block-latest-posts__list wp-block-latest-posts\"><li><a class=\"wp-block-latest-posts__post-title\" href=\"https:\/\/alkjog.hu\/en\/2026\/02\/13\/miert-nem-alkotmanyos-kormanydontessel-lezarni-birosagi-eljarasokat\/\">Mi\u00e9rt nem alkotm\u00e1nyos korm\u00e1nyd\u00f6nt\u00e9ssel lez\u00e1rni b\u00edr\u00f3s\u00e1gi elj\u00e1r\u00e1sokat?<\/a><\/li>\n<li><a class=\"wp-block-latest-posts__post-title\" href=\"https:\/\/alkjog.hu\/en\/2026\/01\/15\/dezinformacio-es-demokracia-beszamolo-a-tanszeki-muhelyvitarol\/\">Dezinform\u00e1ci\u00f3 \u00e9s demokr\u00e1cia \u2013 besz\u00e1mol\u00f3 a tansz\u00e9ki m\u0171helyvit\u00e1r\u00f3l<\/a><\/li>\n<li><a class=\"wp-block-latest-posts__post-title\" href=\"https:\/\/alkjog.hu\/en\/2025\/12\/04\/eltorolhetetlen-parbeszed-az-autonom-ombudsmani-jogvedelem-terei-es-ertelme\/\">Elt\u00f6r\u00f6lhetetlen p\u00e1rbesz\u00e9d &#8211; az auton\u00f3m ombudsmani jogv\u00e9delem terei \u00e9s \u00e9rtelme<\/a><\/li>\n<li><a class=\"wp-block-latest-posts__post-title\" href=\"https:\/\/alkjog.hu\/en\/2025\/07\/09\/az-alkotmany-szovegen-tul-az-allamfoi-hatalomgyakorlas-a-valosagban\/\">Az alkotm\u00e1ny sz\u00f6veg\u00e9n t\u00fal \u2013 az \u00e1llamf\u0151i hatalomgyakorl\u00e1s a val\u00f3s\u00e1gban<\/a><\/li>\n<li><a class=\"wp-block-latest-posts__post-title\" href=\"https:\/\/alkjog.hu\/en\/2025\/06\/26\/gyulekezesi-jogi-unikornis-szeljegyzetek-egy-gyuleskent-megtiltani-kivant-onkormanyzati-rendezvenyhez\/\">Gy\u00fclekez\u00e9si jogi unikornis? &#8211; Sz\u00e9ljegyzetek egy gy\u0171l\u00e9sk\u00e9nt megtiltani k\u00edv\u00e1nt \u00f6nkorm\u00e1nyzati rendezv\u00e9nyhez<\/a><\/li>\n<\/ul>","protected":false},"excerpt":{"rendered":"","protected":false},"author":1,"featured_media":0,"parent":0,"menu_order":0,"comment_status":"closed","ping_status":"closed","template":"","meta":{"footnotes":""},"class_list":["post-33","page","type-page","status-publish","hentry"],"_links":{"self":[{"href":"https:\/\/alkjog.hu\/en\/wp-json\/wp\/v2\/pages\/33","targetHints":{"allow":["GET"]}}],"collection":[{"href":"https:\/\/alkjog.hu\/en\/wp-json\/wp\/v2\/pages"}],"about":[{"href":"https:\/\/alkjog.hu\/en\/wp-json\/wp\/v2\/types\/page"}],"author":[{"embeddable":true,"href":"https:\/\/alkjog.hu\/en\/wp-json\/wp\/v2\/users\/1"}],"replies":[{"embeddable":true,"href":"https:\/\/alkjog.hu\/en\/wp-json\/wp\/v2\/comments?post=33"}],"version-history":[{"count":1,"href":"https:\/\/alkjog.hu\/en\/wp-json\/wp\/v2\/pages\/33\/revisions"}],"predecessor-version":[{"id":37,"href":"https:\/\/alkjog.hu\/en\/wp-json\/wp\/v2\/pages\/33\/revisions\/37"}],"wp:attachment":[{"href":"https:\/\/alkjog.hu\/en\/wp-json\/wp\/v2\/media?parent=33"}],"curies":[{"name":"wp","href":"https:\/\/api.w.org\/{rel}","templated":true}]}}